{"id":28,"date":"2018-09-21T19:37:01","date_gmt":"2018-09-21T19:37:01","guid":{"rendered":"http:\/\/burroemozza.fr\/?page_id=28"},"modified":"2026-04-25T22:46:14","modified_gmt":"2026-04-25T22:46:14","slug":"hello","status":"publish","type":"page","link":"https:\/\/burroemozza.fr\/it\/hello","title":{"rendered":"Salut les amis !"},"content":{"rendered":"<p><img decoding=\"async\" loading=\"lazy\" class=\"alignnone size-full wp-image-1127\" src=\"https:\/\/burroemozza.fr\/wp-content\/uploads\/2026\/04\/IMG_9891-scaled.jpeg\" alt=\"\" width=\"2560\" height=\"2319\" srcset=\"https:\/\/burroemozza.fr\/wp-content\/uploads\/2026\/04\/IMG_9891-scaled.jpeg 2560w, https:\/\/burroemozza.fr\/wp-content\/uploads\/2026\/04\/IMG_9891-300x272.jpeg 300w, https:\/\/burroemozza.fr\/wp-content\/uploads\/2026\/04\/IMG_9891-1024x928.jpeg 1024w, https:\/\/burroemozza.fr\/wp-content\/uploads\/2026\/04\/IMG_9891-768x696.jpeg 768w, https:\/\/burroemozza.fr\/wp-content\/uploads\/2026\/04\/IMG_9891-1536x1392.jpeg 1536w, https:\/\/burroemozza.fr\/wp-content\/uploads\/2026\/04\/IMG_9891-2048x1855.jpeg 2048w, https:\/\/burroemozza.fr\/wp-content\/uploads\/2026\/04\/IMG_9891-13x12.jpeg 13w, https:\/\/burroemozza.fr\/wp-content\/uploads\/2026\/04\/IMG_9891-1140x1033.jpeg 1140w\" sizes=\"(max-width: 2560px) 100vw, 2560px\" \/><\/p>\n<p>C&rsquo;est parti pour un long p\u00e9riple ! On a cr\u00e9\u00e9 ce petit blog de voyage pour vous donner des nouvelles sur nos exp\u00e9riences, et aussi parce qu&rsquo;on arrive pas \u00e0 rester 2 mois sans toucher \u00e0 un site internet \ud83d\ude09<br \/>\nEt on a m\u00eame un compte <strong>Instagram<\/strong> : <a href=\"https:\/\/www.instagram.com\/burroemozza\/\"><strong>burroemozza<\/strong><\/a><\/p>\n<p>&nbsp;<\/p>\n<p>&nbsp;<\/p>","protected":false},"excerpt":{"rendered":"<p>C&rsquo;est parti pour un long p\u00e9riple ! On a cr\u00e9\u00e9 ce petit blog de voyage pour vous donner des nouvelles sur nos exp\u00e9riences, et aussi parce qu&rsquo;on arrive pas \u00e0 rester 2 mois sans toucher \u00e0 un site internet \ud83d\ude09 Et on a m\u00eame un compte Instagram : burroemozza &nbsp; &nbsp;<\/p>","protected":false},"author":1,"featured_media":0,"parent":0,"menu_order":0,"comment_status":"closed","ping_status":"closed","template":"","meta":[],"yoast_head":"<!-- This site is optimized with the Yoast SEO plugin v20.4 - https:\/\/yoast.com\/wordpress\/plugins\/seo\/ -->\n<title>Salut les amis ! - Burro&amp;Mozza<\/title>\n<meta name=\"robots\" content=\"index, follow, max-snippet:-1, max-image-preview:large, max-video-preview:-1\" \/>\n<link rel=\"canonical\" href=\"https:\/\/burroemozza.fr\/it\/hello\/\" \/>\n<meta property=\"og:locale\" content=\"it_IT\" \/>\n<meta property=\"og:type\" content=\"article\" \/>\n<meta property=\"og:title\" content=\"Salut les amis ! - Burro&amp;Mozza\" \/>\n<meta property=\"og:description\" content=\"C&rsquo;est parti pour un long p\u00e9riple ! On a cr\u00e9\u00e9 ce petit blog de voyage pour vous donner des nouvelles sur nos exp\u00e9riences, et aussi parce qu&rsquo;on arrive pas \u00e0 rester 2 mois sans toucher \u00e0 un site internet \ud83d\ude09 Et on a m\u00eame un compte Instagram : burroemozza &nbsp; &nbsp;\" \/>\n<meta property=\"og:url\" content=\"https:\/\/burroemozza.fr\/it\/hello\/\" \/>\n<meta property=\"og:site_name\" content=\"Burro&amp;Mozza\" \/>\n<meta property=\"article:modified_time\" content=\"2026-04-25T22:46:14+00:00\" \/>\n<meta property=\"og:image\" content=\"https:\/\/burroemozza.fr\/wp-content\/uploads\/2026\/04\/IMG_9891-scaled.jpeg\" \/>\n<meta name=\"twitter:card\" content=\"summary_large_image\" \/>\n<meta name=\"twitter:label1\" content=\"Tempo di lettura stimato\" \/>\n\t<meta name=\"twitter:data1\" content=\"1 minuto\" \/>\n<script type=\"application\/ld+json\" class=\"yoast-schema-graph\">{\"@context\":\"https:\/\/schema.org\",\"@graph\":[{\"@type\":\"WebPage\",\"@id\":\"https:\/\/burroemozza.fr\/hello\",\"url\":\"https:\/\/burroemozza.fr\/hello\",\"name\":\"Salut les amis ! - Burro&amp;Mozza\",\"isPartOf\":{\"@id\":\"https:\/\/burroemozza.fr\/#website\"},\"datePublished\":\"2018-09-21T19:37:01+00:00\",\"dateModified\":\"2026-04-25T22:46:14+00:00\",\"breadcrumb\":{\"@id\":\"https:\/\/burroemozza.fr\/hello#breadcrumb\"},\"inLanguage\":\"it-IT\",\"potentialAction\":[{\"@type\":\"ReadAction\",\"target\":[\"https:\/\/burroemozza.fr\/hello\"]}]},{\"@type\":\"BreadcrumbList\",\"@id\":\"https:\/\/burroemozza.fr\/hello#breadcrumb\",\"itemListElement\":[{\"@type\":\"ListItem\",\"position\":1,\"name\":\"Burro&amp;Mozza voyage en sac \u00e0 dos\",\"item\":\"https:\/\/burroemozza.fr\/\"},{\"@type\":\"ListItem\",\"position\":2,\"name\":\"Salut les amis !\"}]},{\"@type\":\"WebSite\",\"@id\":\"https:\/\/burroemozza.fr\/#website\",\"url\":\"https:\/\/burroemozza.fr\/\",\"name\":\"Burro&amp;Mozza\",\"description\":\"Sac \u00e0 dos, rando&#039;, apero&#039;\",\"potentialAction\":[{\"@type\":\"SearchAction\",\"target\":{\"@type\":\"EntryPoint\",\"urlTemplate\":\"https:\/\/burroemozza.fr\/?s={search_term_string}\"},\"query-input\":\"required name=search_term_string\"}],\"inLanguage\":\"it-IT\"}]}<\/script>\n<!-- \/ Yoast SEO plugin. -->","yoast_head_json":{"title":"Salut les amis ! - Burro&amp;Mozza","robots":{"index":"index","follow":"follow","max-snippet":"max-snippet:-1","max-image-preview":"max-image-preview:large","max-video-preview":"max-video-preview:-1"},"canonical":"https:\/\/burroemozza.fr\/it\/hello\/","og_locale":"it_IT","og_type":"article","og_title":"Salut les amis ! - Burro&amp;Mozza","og_description":"C&rsquo;est parti pour un long p\u00e9riple ! On a cr\u00e9\u00e9 ce petit blog de voyage pour vous donner des nouvelles sur nos exp\u00e9riences, et aussi parce qu&rsquo;on arrive pas \u00e0 rester 2 mois sans toucher \u00e0 un site internet \ud83d\ude09 Et on a m\u00eame un compte Instagram : burroemozza &nbsp; &nbsp;","og_url":"https:\/\/burroemozza.fr\/it\/hello\/","og_site_name":"Burro&amp;Mozza","article_modified_time":"2026-04-25T22:46:14+00:00","og_image":[{"url":"https:\/\/burroemozza.fr\/wp-content\/uploads\/2026\/04\/IMG_9891-scaled.jpeg"}],"twitter_card":"summary_large_image","twitter_misc":{"Tempo di lettura stimato":"1 minuto"},"schema":{"@context":"https:\/\/schema.org","@graph":[{"@type":"WebPage","@id":"https:\/\/burroemozza.fr\/hello","url":"https:\/\/burroemozza.fr\/hello","name":"Salut les amis ! - Burro&amp;Mozza","isPartOf":{"@id":"https:\/\/burroemozza.fr\/#website"},"datePublished":"2018-09-21T19:37:01+00:00","dateModified":"2026-04-25T22:46:14+00:00","breadcrumb":{"@id":"https:\/\/burroemozza.fr\/hello#breadcrumb"},"inLanguage":"it-IT","potentialAction":[{"@type":"ReadAction","target":["https:\/\/burroemozza.fr\/hello"]}]},{"@type":"BreadcrumbList","@id":"https:\/\/burroemozza.fr\/hello#breadcrumb","itemListElement":[{"@type":"ListItem","position":1,"name":"Burro&amp;Mozza voyage en sac \u00e0 dos","item":"https:\/\/burroemozza.fr\/"},{"@type":"ListItem","position":2,"name":"Salut les amis !"}]},{"@type":"WebSite","@id":"https:\/\/burroemozza.fr\/#website","url":"https:\/\/burroemozza.fr\/","name":"Burro e Mozzarella","description":"Zaino, escursione, aperitivo'","potentialAction":[{"@type":"SearchAction","target":{"@type":"EntryPoint","urlTemplate":"https:\/\/burroemozza.fr\/?s={search_term_string}"},"query-input":"required name=search_term_string"}],"inLanguage":"it-IT"}]}},"_links":{"self":[{"href":"https:\/\/burroemozza.fr\/it\/wp-json\/wp\/v2\/pages\/28"}],"collection":[{"href":"https:\/\/burroemozza.fr\/it\/wp-json\/wp\/v2\/pages"}],"about":[{"href":"https:\/\/burroemozza.fr\/it\/wp-json\/wp\/v2\/types\/page"}],"author":[{"embeddable":true,"href":"https:\/\/burroemozza.fr\/it\/wp-json\/wp\/v2\/users\/1"}],"replies":[{"embeddable":true,"href":"https:\/\/burroemozza.fr\/it\/wp-json\/wp\/v2\/comments?post=28"}],"version-history":[{"count":22,"href":"https:\/\/burroemozza.fr\/it\/wp-json\/wp\/v2\/pages\/28\/revisions"}],"predecessor-version":[{"id":1128,"href":"https:\/\/burroemozza.fr\/it\/wp-json\/wp\/v2\/pages\/28\/revisions\/1128"}],"wp:attachment":[{"href":"https:\/\/burroemozza.fr\/it\/wp-json\/wp\/v2\/media?parent=28"}],"curies":[{"name":"wp","href":"https:\/\/api.w.org\/{rel}","templated":true}]}}